{"id":633,"date":"2014-10-17T19:51:56","date_gmt":"2014-10-17T18:51:56","guid":{"rendered":"http:\/\/66.147.244.181\/~fondatj6\/?page_id=633"},"modified":"2015-09-30T17:32:53","modified_gmt":"2015-09-30T16:32:53","slug":"press","status":"publish","type":"page","link":"https:\/\/www.fondationneurotrauma.ca\/en\/press\/","title":{"rendered":"Press"},"content":{"rendered":"<section id=\"content-section-1\">\r\n<div class=\"gdlr-color-wrapper no-skin\">\r\n<div class=\"container\">\r\n<h1 id=\"press-releases\" style=\"padding-left: 15px; margin-bottom: 40px;\">Press releases<\/h1>\r\n<div class=\"gdlr-shortcode-wrapper gdlr-row-shortcode\">\r\n<div class=\"six columns\"><div class=\"gdlr-item gdlr-column-shortcode\">\r\n\r\nThe Marie-Robert NeuroTrauma Foundation awards a grant of $ 30,000 to contribute to the development of an automated diagnostic system for patients suffering head injury.\r\n\r\n<a class=\"gdlr-button medium without-border\" href=\"http:\/\/66.147.244.181\/~fondatj6\/wp-content\/uploads\/2014\/07\/FNTMR-Communique.pdf\" target=\"_blank\"  style=\"color:#575757; background-color:#d1d1d1; \"  >Read more<\/a>\r\n\r\nWinter is upon us, with its attendant accidents\u2014now\u2019s the time to give a few neurons <a title=\"Visit DefiCasseTete.ca\" href=\"http:\/\/deficassetete.ca\/en\/\" target=\"_blank\">DefiCasseTete.ca<\/a> to DefiCasseTete.ca to learn about the risks of head injuries.\r\n\r\n<a class=\"gdlr-button medium without-border\" href=\"http:\/\/66.147.244.181\/~fondatj6\/wp-content\/uploads\/2014\/08\/09-11-2010-DefiCasseTete-Hiver.pdf\" target=\"_blank\"  style=\"color:#575757; background-color:#d1d1d1; \"  >Read more<\/a>\r\n\r\nGregory Charles charmed the Marie-Robert NeuroTrauma Foundation\u2019s guests at a dinner show fundraiser for head injury research.\r\n\r\n<a class=\"gdlr-button medium without-border\" href=\"http:\/\/66.147.244.181\/~fondatj6\/wp-content\/uploads\/2015\/04\/Communique-Gregory-Charles.pdf\" target=\"_blank\"  style=\"color:#575757; background-color:#d1d1d1; \"  >Read more<\/a>\r\n<\/div><\/div>\r\n<div class=\"clear\"><\/div><\/div>\r\n\r\n<\/div>\r\n<\/div>\r\n<\/section><section id=\"content-section-2\">\r\n<div class=\"gdlr-color-wrapper no-skin\" style=\"background: #f4f4f4; margin-bottom: 50px;\">\r\n<div class=\"container\">\r\n<h1 id=\"partner-communications\" style=\"padding-left: 15px; margin-bottom: 40px;\">Press release of our partners<\/h1>\r\n<div class=\"gdlr-shortcode-wrapper gdlr-row-shortcode\">\r\n<div class=\"six columns\"><div class=\"gdlr-item gdlr-column-shortcode\">\r\n\r\nSupport to a research project on sleep for brain injury victims at H\u00f4pital du Sacr\u00e9-Coeur de Montr\u00e9al.\r\n\r\n<a class=\"gdlr-button medium without-border\" href=\"http:\/\/www.fondationneurotrauma.ca\/wp-content\/uploads\/2015\/09\/Annoncetrauma.pdf\" target=\"_blank\"  style=\"color:#575757; background-color:#d1d1d1; \"  >Lire la suite<\/a>\r\n\r\nH\u00f4pital du Sacr\u00e9-Coeur de Montr\u00e9al supporting the Marie-Robert Foundation\r\n\r\n<a class=\"gdlr-button medium without-border\" href=\"http:\/\/66.147.244.181\/~fondatj6\/wp-content\/uploads\/2014\/08\/1996-10-22-AppuiHopitalduSacre-CoeurMontreal.pdf\" target=\"_blank\"  style=\"color:#575757; background-color:#d1d1d1; \"  >Read more<\/a>\r\n\r\nThe H\u00f4pital g\u00e9n\u00e9ral de Montr\u00e9al is announcing its support to the Marie-Robert Foundation for head injury research.\r\n\r\n<a class=\"gdlr-button medium without-border\" href=\"http:\/\/66.147.244.181\/~fondatj6\/wp-content\/uploads\/2014\/08\/1996-10-22-AppuiHopital-general-Montreal.pdf\" target=\"_blank\"  style=\"color:#575757; background-color:#d1d1d1; \"  >Read more<\/a>\r\n\r\n<\/div><\/div>\r\n<div class=\"clear\"><\/div><\/div>\r\n\r\n<\/div>\r\n<\/div>\r\n<\/section><section id=\"content-section-3\">\r\n<div class=\"gdlr-color-wrapper no-skin\">\r\n<div class=\"container\">\r\n<h1 id=\"articles\" style=\"padding-left: 15px; margin-bottom: 40px;\">Articles (French only)<\/h1>\r\n<div class=\"gdlr-shortcode-wrapper gdlr-row-shortcode\">\r\n<div class=\"six columns\"><div class=\"gdlr-item gdlr-column-shortcode\">\r\n<ul>\r\n\t<li><a href=\"http:\/\/66.147.244.181\/~fondatj6\/wp-content\/uploads\/2015\/04\/rapport-annuel-universite-laval-fondation.pdf\" target=\"_blank\">2005\u20132006 annual report \u2013 Laval University<\/a><\/li>\r\n\t<li><a href=\"http:\/\/66.147.244.181\/~fondatj6\/wp-content\/uploads\/2014\/08\/terrible-accident-naissance-fondation.pdf\" target=\"_blank\">A horrible car accident sets the stage for a specialized foundation<\/a><\/li>\r\n\t<li><a href=\"http:\/\/66.147.244.181\/~fondatj6\/wp-content\/uploads\/2015\/04\/bulletin-liaison-professionnels-securite-routiere.pdf\" target=\"_blank\">Road safety professionals newsletter<\/a><\/li>\r\n\t<li><a href=\"http:\/\/66.147.244.181\/~fondatj6\/wp-content\/uploads\/2014\/08\/succes-spectacle-BrunoPelletier-profit-fondation.pdf\" target=\"_blank\">Bruno Pelletier\u2019s show a great success<\/a><\/li>\r\n\t<li><a href=\"http:\/\/66.147.244.181\/~fondatj6\/wp-content\/uploads\/2014\/08\/BrunoPelletier-capitole.pdf\" target=\"_blank\">Bruno Pelletier at the Capitole<\/a><\/li>\r\n\t<li><a href=\"http:\/\/66.147.244.181\/~fondatj6\/wp-content\/uploads\/2014\/08\/appui-majeur-recherche-traumatismes.pdf\" target=\"_blank\">Major support for head injury research in Quebec<\/a><\/li>\r\n\t<li><a href=\"http:\/\/66.147.244.181\/~fondatj6\/wp-content\/uploads\/2014\/08\/143000-pour-troubles-craniens.pdf\" target=\"_blank\">$143,000 for head injury research<\/a><\/li>\r\n\t<li><a href=\"http:\/\/66.147.244.181\/~fondatj6\/wp-content\/uploads\/2014\/08\/soutenir-recherche-traumatismes-craniens.pdf\" target=\"_blank\">Marie-Robert NeuroTrauma Foundation: supporting head injury research<\/a><\/li>\r\n<\/ul>\r\n<\/div><\/div>\r\n<div class=\"clear\"><\/div><\/div>\r\n\r\n<\/div>\r\n<\/div>\r\n<\/section>","protected":false},"excerpt":{"rendered":"Press releases Press release of our partners Articles (French only)","protected":false},"author":1,"featured_media":0,"parent":0,"menu_order":0,"comment_status":"closed","ping_status":"open","template":"","meta":{"_monsterinsights_skip_tracking":false,"_monsterinsights_sitenote_active":false,"_monsterinsights_sitenote_note":"","_monsterinsights_sitenote_category":0,"footnotes":"","_links_to":"","_links_to_target":""},"class_list":["post-633","page","type-page","status-publish","hentry"],"yoast_head":"<!-- This site is optimized with the Yoast SEO plugin v27.2 - https:\/\/yoast.com\/product\/yoast-seo-wordpress\/ -->\n<title>Press - Marie-Robert NeuroTrauma Foundation<\/title>\n<meta name=\"robots\" content=\"index, follow, max-snippet:-1, max-image-preview:large, max-video-preview:-1\" \/>\n<link rel=\"canonical\" href=\"https:\/\/www.fondationneurotrauma.ca\/en\/press\/\" \/>\n<meta property=\"og:locale\" content=\"en_US\" \/>\n<meta property=\"og:type\" content=\"article\" \/>\n<meta property=\"og:title\" content=\"Press - Marie-Robert NeuroTrauma Foundation\" \/>\n<meta property=\"og:description\" content=\"Press releases Press release of our partners Articles (French only)\" \/>\n<meta property=\"og:url\" content=\"https:\/\/www.fondationneurotrauma.ca\/en\/press\/\" \/>\n<meta property=\"og:site_name\" content=\"Marie-Robert NeuroTrauma Foundation\" \/>\n<meta property=\"article:publisher\" content=\"https:\/\/www.facebook.com\/TraumatismesCraniens\/\" \/>\n<meta property=\"article:modified_time\" content=\"2015-09-30T16:32:53+00:00\" \/>\n<meta name=\"twitter:label1\" content=\"Est. reading time\" \/>\n\t<meta name=\"twitter:data1\" content=\"2 minutes\" \/>\n<script type=\"application\/ld+json\" class=\"yoast-schema-graph\">{\"@context\":\"https:\/\/schema.org\",\"@graph\":[{\"@type\":\"WebPage\",\"@id\":\"https:\/\/www.fondationneurotrauma.ca\/en\/press\/\",\"url\":\"https:\/\/www.fondationneurotrauma.ca\/en\/press\/\",\"name\":\"Press - Marie-Robert NeuroTrauma Foundation\",\"isPartOf\":{\"@id\":\"https:\/\/www.fondationneurotrauma.ca\/en\/#website\"},\"datePublished\":\"2014-10-17T18:51:56+00:00\",\"dateModified\":\"2015-09-30T16:32:53+00:00\",\"breadcrumb\":{\"@id\":\"https:\/\/www.fondationneurotrauma.ca\/en\/press\/#breadcrumb\"},\"inLanguage\":\"en-US\",\"potentialAction\":[{\"@type\":\"ReadAction\",\"target\":[\"https:\/\/www.fondationneurotrauma.ca\/en\/press\/\"]}]},{\"@type\":\"BreadcrumbList\",\"@id\":\"https:\/\/www.fondationneurotrauma.ca\/en\/press\/#breadcrumb\",\"itemListElement\":[{\"@type\":\"ListItem\",\"position\":1,\"name\":\"Accueil\",\"item\":\"https:\/\/www.fondationneurotrauma.ca\/en\/home\/\"},{\"@type\":\"ListItem\",\"position\":2,\"name\":\"Press\"}]},{\"@type\":\"WebSite\",\"@id\":\"https:\/\/www.fondationneurotrauma.ca\/en\/#website\",\"url\":\"https:\/\/www.fondationneurotrauma.ca\/en\/\",\"name\":\"Marie-Robert NeuroTrauma Foundation\",\"description\":\"\",\"potentialAction\":[{\"@type\":\"SearchAction\",\"target\":{\"@type\":\"EntryPoint\",\"urlTemplate\":\"https:\/\/www.fondationneurotrauma.ca\/en\/?s={search_term_string}\"},\"query-input\":{\"@type\":\"PropertyValueSpecification\",\"valueRequired\":true,\"valueName\":\"search_term_string\"}}],\"inLanguage\":\"en-US\"}]}<\/script>\n<!-- \/ Yoast SEO plugin. -->","yoast_head_json":{"title":"Press - Marie-Robert NeuroTrauma Foundation","robots":{"index":"index","follow":"follow","max-snippet":"max-snippet:-1","max-image-preview":"max-image-preview:large","max-video-preview":"max-video-preview:-1"},"canonical":"https:\/\/www.fondationneurotrauma.ca\/en\/press\/","og_locale":"en_US","og_type":"article","og_title":"Press - Marie-Robert NeuroTrauma Foundation","og_description":"Press releases Press release of our partners Articles (French only)","og_url":"https:\/\/www.fondationneurotrauma.ca\/en\/press\/","og_site_name":"Marie-Robert NeuroTrauma Foundation","article_publisher":"https:\/\/www.facebook.com\/TraumatismesCraniens\/","article_modified_time":"2015-09-30T16:32:53+00:00","twitter_misc":{"Est. reading time":"2 minutes"},"schema":{"@context":"https:\/\/schema.org","@graph":[{"@type":"WebPage","@id":"https:\/\/www.fondationneurotrauma.ca\/en\/press\/","url":"https:\/\/www.fondationneurotrauma.ca\/en\/press\/","name":"Press - Marie-Robert NeuroTrauma Foundation","isPartOf":{"@id":"https:\/\/www.fondationneurotrauma.ca\/en\/#website"},"datePublished":"2014-10-17T18:51:56+00:00","dateModified":"2015-09-30T16:32:53+00:00","breadcrumb":{"@id":"https:\/\/www.fondationneurotrauma.ca\/en\/press\/#breadcrumb"},"inLanguage":"en-US","potentialAction":[{"@type":"ReadAction","target":["https:\/\/www.fondationneurotrauma.ca\/en\/press\/"]}]},{"@type":"BreadcrumbList","@id":"https:\/\/www.fondationneurotrauma.ca\/en\/press\/#breadcrumb","itemListElement":[{"@type":"ListItem","position":1,"name":"Accueil","item":"https:\/\/www.fondationneurotrauma.ca\/en\/home\/"},{"@type":"ListItem","position":2,"name":"Press"}]},{"@type":"WebSite","@id":"https:\/\/www.fondationneurotrauma.ca\/en\/#website","url":"https:\/\/www.fondationneurotrauma.ca\/en\/","name":"Marie-Robert NeuroTrauma Foundation","description":"","potentialAction":[{"@type":"SearchAction","target":{"@type":"EntryPoint","urlTemplate":"https:\/\/www.fondationneurotrauma.ca\/en\/?s={search_term_string}"},"query-input":{"@type":"PropertyValueSpecification","valueRequired":true,"valueName":"search_term_string"}}],"inLanguage":"en-US"}]}},"_links":{"self":[{"href":"https:\/\/www.fondationneurotrauma.ca\/en\/wp-json\/wp\/v2\/pages\/633","targetHints":{"allow":["GET"]}}],"collection":[{"href":"https:\/\/www.fondationneurotrauma.ca\/en\/wp-json\/wp\/v2\/pages"}],"about":[{"href":"https:\/\/www.fondationneurotrauma.ca\/en\/wp-json\/wp\/v2\/types\/page"}],"author":[{"embeddable":true,"href":"https:\/\/www.fondationneurotrauma.ca\/en\/wp-json\/wp\/v2\/users\/1"}],"replies":[{"embeddable":true,"href":"https:\/\/www.fondationneurotrauma.ca\/en\/wp-json\/wp\/v2\/comments?post=633"}],"version-history":[{"count":5,"href":"https:\/\/www.fondationneurotrauma.ca\/en\/wp-json\/wp\/v2\/pages\/633\/revisions"}],"predecessor-version":[{"id":1138,"href":"https:\/\/www.fondationneurotrauma.ca\/en\/wp-json\/wp\/v2\/pages\/633\/revisions\/1138"}],"wp:attachment":[{"href":"https:\/\/www.fondationneurotrauma.ca\/en\/wp-json\/wp\/v2\/media?parent=633"}],"curies":[{"name":"wp","href":"https:\/\/api.w.org\/{rel}","templated":true}]}}