{"id":631,"date":"2014-10-17T19:51:12","date_gmt":"2014-10-17T18:51:12","guid":{"rendered":"http:\/\/66.147.244.181\/~fondatj6\/?page_id=631"},"modified":"2015-09-30T16:39:36","modified_gmt":"2015-09-30T15:39:36","slug":"donations","status":"publish","type":"page","link":"https:\/\/www.fondationneurotrauma.ca\/en\/donations\/","title":{"rendered":"The value of giving"},"content":{"rendered":"&nbsp;\r\n\r\n<section id=\"content-section-1\">\r\n<div class=\"gdlr-color-wrapper no-skin\">\r\n<div class=\"container\">\r\n\r\n<div style=\"text-align: center\" >\r\n<h2 id=\"why-give\">Why donate?<\/h2>\r\nYOUR DONATIONS CONTRIBUTE TO DISCOVERING PROMISING NEW TREATMENTS THAT WILL:\r\n<\/div>\r\n\r\n<div class=\"gdlr-shortcode-wrapper gdlr-row-shortcode\">\r\n<div class=\"six columns\"><div class=\"gdlr-item gdlr-column-shortcode\">\r\n<div style=\"text-align: right\" >\r\n<span style=\"text-decoration: underline;\">Improve chances of survival<\/span> for victims of head injuries\u00a0;\r\n\r\n<span style=\"text-decoration: underline;\">Avoid or limit worsening<\/span> of the damage\u00a0;\r\n<\/div>\r\n<\/div><\/div>\r\n\r\n<div class=\"six columns\"><div class=\"gdlr-item gdlr-column-shortcode\">\r\n<span style=\"text-decoration: underline;\">Eliminate or reduce permanent damage<\/span>\r\nfrom these injuries \u00a0;\r\n\r\nProvide a <span style=\"text-decoration: underline;\">better quality of life<\/span> for everyone, young and old, who gets seriously injured.\r\n<\/div><\/div>\r\n\r\n<div class=\"clear\"><\/div><\/div>\r\n\r\n<img fetchpriority=\"high\" decoding=\"async\" class=\"aligncenter wp-image-238 size-full\" src=\"http:\/\/66.147.244.181\/~fondatj6\/wp-content\/uploads\/2014\/07\/image_pourquoi-donner.jpg\" alt=\"image_pourquoi donner\" width=\"671\" height=\"449\" srcset=\"https:\/\/www.fondationneurotrauma.ca\/wp-content\/uploads\/2014\/07\/image_pourquoi-donner.jpg 671w, https:\/\/www.fondationneurotrauma.ca\/wp-content\/uploads\/2014\/07\/image_pourquoi-donner-300x200.jpg 300w\" sizes=\"(max-width: 671px) 100vw, 671px\" \/>\r\n\r\n<\/div>\r\n<\/div>\r\n<\/section><section id=\"content-section-2\">\r\n<div class=\"gdlr-color-wrapper no-skin\" style=\"background: #fde1e7;\">\r\n<div class=\"container\">\r\n\r\n<div style=\"text-align: center\" >\r\n<h2 id=\"particular-donations\">Individual donations<\/h2>\r\nWANT TO DONATE TO THE MARIE-ROBERT NEUROTRAUMA FOUNDATION?\r\n<p style=\"margin: 10px 12% 0px 12%; \">Maybe one of your loved ones suffered a head injury, or you may have been a victim of such yourself.\u00a0Maybe you just want to encourage the NeuroTrauma Foundation and support the development of knowledge on head injuries.<\/p>\r\n<p style=\"margin: 10px 12% 0px 12%; \">We invite you to support the NeuroTrauma Marie-Robert Foundation by making a one-time or monthly donation by credit card. In addition, you can make a donation in memory of a loved one.<\/p>\r\n\r\n<a class=\"gdlr-button large\" href=\"https:\/\/www.canadahelps.org\/en\/charities\/marie-robert-neurotrauma-foundation\/\" target=\"_blank\"  style=\"color:#ffffff; background-color:#e01454; border-color:#5c8f26; \"  >Donate online<\/a>\r\n<a class=\"gdlr-button large\" href=\"http:\/\/66.147.244.181\/~fondatj6\/wp-content\/uploads\/2014\/10\/Formulaire-de-Don_EN_27-10-2014.pdf\" target=\"_blank\"  style=\"color:#ffffff; background-color:#e01454; border-color:#5c8f26; \"  >Download our donation form<\/a>\r\n\r\n<\/div>\r\n\r\n<\/div>\r\n<\/div>\r\n<\/section><section id=\"content-section-3\">\r\n<div class=\"gdlr-color-wrapper no-skin\">\r\n<div class=\"container\">\r\n\r\n<div style=\"text-align: center\" >\r\n<h2 id=\"corporate-donations\">Corporate donations<\/h2>\r\nTHERE ARE PLENTY OF WAYS TO FUND THE MARIE-ROBERT NEUROTRAUMA FOUNDATION\u2019S CAUSE:\r\n<\/div>\r\n\r\n<div class=\"gdlr-shortcode-wrapper\"><div class=\"gdlr-item gdlr-accordion-item style-2\"  ><div class=\"accordion-tab active\" ><h4 class=\"accordion-title\" ><i class=\"icon-minus\" ><\/i><span> Encourage your partners to make a donation <\/span><\/h4><div class=\"accordion-content\"><p>Since 2014, the ASMAVERMEQ (l\u2019Association des Mandataires en V\u00e9rification M\u00e9canique du Qu\u00e9bec) enjoins its members to make a donation of $0.25 for each mechanical verification performed in their inspection center. The amount is minimal, but the results will add up quickly! <\/p>\n<p>Interested in founding out how you can integrate a similar initiative to your own network? <a title=\"Contact us\" href=\"\/contact-us\/\">Contact us now.<\/a><\/p>\n<\/div><\/div><div class=\"accordion-tab\" ><h4 class=\"accordion-title\" ><i class=\"icon-plus\" ><\/i><span>Attend our events<\/span><\/h4><div class=\"accordion-content\"><p>Attending our events is great; you get to combine fun and supporting a good cause. Take a look at our event list and make a reservation for yourself and the people you will bring along. Hurry: space is limited!<\/p>\n<\/div><\/div><div class=\"accordion-tab\" ><h4 class=\"accordion-title\" ><i class=\"icon-plus\" ><\/i><span>Become a sponsor<\/span><\/h4><div class=\"accordion-content\"><p>The Marie-Robert NeuroTrauma Foundation has developed a sponsorship plan that allows companies to gain visibility while supporting head injury research. Whether you\u2019re an SME or a large corporation, you can pick the package that best fits your needs and budget from our various options.<br \/>\nInterested in learning more about our sponsorship packages? <a title=\"Contact us\" href=\"\/contact-us\/\">Contact us today.<\/a><\/p>\n<\/div><\/div><div class=\"accordion-tab\" ><h4 class=\"accordion-title\" ><i class=\"icon-plus\" ><\/i><span>Encourage your employees to donate and match their donations<\/span><\/h4><div class=\"accordion-content\"><p>Encourage your employees to donate to the Marie-Robert NeuroTrauma Foundation by having a fundraising campaign within your organization. Motivate them further by pledging to match their donations!<\/p>\n<p>You can:<\/p>\n<ul>\n<li>Implement a program allowing employees to make donations through payroll deduction<\/li>\n<li>Create a custom donation page on the CanadaHelps website, where each employee can make their own credit card donation while you retain full control over the total amount of donations and can measure your campaign\u2019s success<\/li>\n<li>Organize a fundraising event your employees can participate in<\/li>\n<\/ul>\n<p>Interested in learning more about donations through payroll deduction or about creating an online donation page? <a title=\"Contact us\" href=\"\/contact-us\/\">Contact us today.<\/a><\/p>\n<\/div><\/div><div class=\"accordion-tab\" ><h4 class=\"accordion-title\" ><i class=\"icon-plus\" ><\/i><span>Organize a fundraiser<\/span><\/h4><div class=\"accordion-content\"><p>Create a sense of belonging by mobilizing your employees in a fundraiser for the Marie-Robert NeuroTrauma Foundation. Capitalize on their interests and availability to create an event in their image.<\/p>\n<p><strong>Format and date <\/strong> The fundraiser can take many forms, from the more conventional to the unusual: bike a thons, bowl a thons, ski-a-thons, sports tournaments, auctions, silent auctions, garage sales, theme nights, raffles, etc. Set up an organizing committee that will find the most suitable format and gather volunteers, and your event will be a success!<\/p>\n<p>Choose the date of your event taking into account your internal schedule, holidays and major public events so that they don\u2019t conflict with your project.<\/p>\n<p><a title=\"Contact us\" href=\"\/contact-us\/\">Send us your project plan. We\u2019ll be happy to evaluate it with you.<\/a><\/p>\n<h5>Budget and promotional materials<\/h5>\n<p>After you set an achievable target for the amount to be raised, plan your budget. The less expensive the event, the more you can donate to the Marie-Robert NeuroTrauma Foundation. Don\u2019t overlook sponsorship revenue! Think of rental fees, permits, insurance, food and beverages as well as advertising and promotion costs.<\/p>\n<p><strong>The Marie-Robert NeuroTrauma Foundation can provide you with promotional material and post your event on its website. Ask us about it!<\/strong><\/p>\n<h5>Dissemination and promotion<\/h5>\n<p>Use every tool at your disposal to make your event known and attract as many people as possible. Email and intranet are still the most effective methods. In some cases, social media can work great! When the event is over, extend warm thanks to all who attended. Interested in organizing a fundraising event?<br \/>\nTo learn more about organizing fundraisers, click here. <a title=\"Contactez-nous\" href=\"\/contact-us\/\">Contact us to discuss your ideas, submit your project and get promotional materials.<\/a><\/p>\n<\/div><\/div><div class=\"accordion-tab\" ><h4 class=\"accordion-title\" ><i class=\"icon-plus\" ><\/i><span>Cause-related marketing<\/span><\/h4><div class=\"accordion-content\"><p>The Marie-Robert NeuroTrauma Foundation can help you shape your cause-related marketing efforts. You can choose to donate a portion of ticket, product or service proceeds while associating your image to that of our foundation, which has been in the spotlight for various audiences for over 20 years.<br \/>\nWant to learn more about associating with cause-related marketing projects?<br \/>\n<a title=\"Contact us today.\" href=\"\/contact-us\/\">Have ideas or questions? Contact us.<\/a><\/p>\n<\/div><\/div><\/div><\/div>\r\n\r\n<\/div>\r\n<\/div>\r\n<\/section>\r\n<section id=\"content-section-4\">\r\n<div class=\"gdlr-color-wrapper no-skin\" >\r\n<div class=\"container\">\r\n\r\n<div style=\"text-align: center\" >\r\n<h2 id=\"thank-donors\"> Thanks to our generous donors\r\n<\/h2>\r\n<span style=\"display: block; width: 75%; margin: 0 auto 20px auto;\"> THROUGH THEIR FINANCIAL SUPPORT THE FOUNDATION NEUROTRAUMA MARIE-ROBERT CAN ACCOMPLISH ITS MISSION. TO THIS EFFECT, WE WISH TO EXPRESS OUR GRATITUDE FOR THEIR SPECIAL INITIATIVES: \r\n<\/span>\r\n<span style=\"display: block; width: 90%; margin: 0 auto 60px auto;\">\r\n<h3>L\u2019Association des Mandataires en V\u00e9rification M\u00e9canique du Qu\u00e9bec <br>(l\u2019ASMAVERMEQ) <\/h3>\r\n\r\n\t&#8226; Since 2004, the Association holds a silent auction during its annual congress and collects donations<br> for the benefit of the Foundation Neurotrauma Marie-Robert (FNTMR). <br>\r\n \r\n\t&#8226; In 2014, the ASMAVERMEQ launched a program where 25 cents are given for each mechanical verification <br>performed in their inspection centers.\r\n<br>\r\n\r\n\r\n\r\n\r\n<\/span>\r\n\r\n<\/div>\r\n\r\n\r\n<div style=\"text-align: center\" >\r\n<h3>Ideas ? Questions ?<\/h3>\r\n<a class=\"gdlr-button large without-border\" href=\"\/contact-us\/\" target=\"_self\"  style=\"color:#ffffff; background-color:#e01454; \"  >Contact us<\/a>\r\n<\/div>\r\n\r\n","protected":false},"excerpt":{"rendered":"&nbsp;","protected":false},"author":1,"featured_media":0,"parent":0,"menu_order":0,"comment_status":"closed","ping_status":"open","template":"","meta":{"_monsterinsights_skip_tracking":false,"_monsterinsights_sitenote_active":false,"_monsterinsights_sitenote_note":"","_monsterinsights_sitenote_category":0,"footnotes":"","_links_to":"","_links_to_target":""},"class_list":["post-631","page","type-page","status-publish","hentry"],"yoast_head":"<!-- This site is optimized with the Yoast SEO plugin v27.2 - https:\/\/yoast.com\/product\/yoast-seo-wordpress\/ -->\n<title>The value of giving - Marie-Robert NeuroTrauma Foundation<\/title>\n<meta name=\"robots\" content=\"index, follow, max-snippet:-1, max-image-preview:large, max-video-preview:-1\" \/>\n<link rel=\"canonical\" href=\"https:\/\/www.fondationneurotrauma.ca\/en\/donations\/\" \/>\n<meta property=\"og:locale\" content=\"en_US\" \/>\n<meta property=\"og:type\" content=\"article\" \/>\n<meta property=\"og:title\" content=\"The value of giving - Marie-Robert NeuroTrauma Foundation\" \/>\n<meta property=\"og:description\" content=\"&nbsp;\" \/>\n<meta property=\"og:url\" content=\"https:\/\/www.fondationneurotrauma.ca\/en\/donations\/\" \/>\n<meta property=\"og:site_name\" content=\"Marie-Robert NeuroTrauma Foundation\" \/>\n<meta property=\"article:publisher\" content=\"https:\/\/www.facebook.com\/TraumatismesCraniens\/\" \/>\n<meta property=\"article:modified_time\" content=\"2015-09-30T15:39:36+00:00\" \/>\n<meta property=\"og:image\" content=\"http:\/\/66.147.244.181\/~fondatj6\/wp-content\/uploads\/2014\/07\/image_pourquoi-donner.jpg\" \/>\n<meta name=\"twitter:label1\" content=\"Est. reading time\" \/>\n\t<meta name=\"twitter:data1\" content=\"5 minutes\" \/>\n<script type=\"application\/ld+json\" class=\"yoast-schema-graph\">{\"@context\":\"https:\/\/schema.org\",\"@graph\":[{\"@type\":\"WebPage\",\"@id\":\"https:\/\/www.fondationneurotrauma.ca\/en\/donations\/\",\"url\":\"https:\/\/www.fondationneurotrauma.ca\/en\/donations\/\",\"name\":\"The value of giving - Marie-Robert NeuroTrauma Foundation\",\"isPartOf\":{\"@id\":\"https:\/\/www.fondationneurotrauma.ca\/en\/#website\"},\"primaryImageOfPage\":{\"@id\":\"https:\/\/www.fondationneurotrauma.ca\/en\/donations\/#primaryimage\"},\"image\":{\"@id\":\"https:\/\/www.fondationneurotrauma.ca\/en\/donations\/#primaryimage\"},\"thumbnailUrl\":\"http:\/\/66.147.244.181\/~fondatj6\/wp-content\/uploads\/2014\/07\/image_pourquoi-donner.jpg\",\"datePublished\":\"2014-10-17T18:51:12+00:00\",\"dateModified\":\"2015-09-30T15:39:36+00:00\",\"breadcrumb\":{\"@id\":\"https:\/\/www.fondationneurotrauma.ca\/en\/donations\/#breadcrumb\"},\"inLanguage\":\"en-US\",\"potentialAction\":[{\"@type\":\"ReadAction\",\"target\":[\"https:\/\/www.fondationneurotrauma.ca\/en\/donations\/\"]}]},{\"@type\":\"ImageObject\",\"inLanguage\":\"en-US\",\"@id\":\"https:\/\/www.fondationneurotrauma.ca\/en\/donations\/#primaryimage\",\"url\":\"http:\/\/66.147.244.181\/~fondatj6\/wp-content\/uploads\/2014\/07\/image_pourquoi-donner.jpg\",\"contentUrl\":\"http:\/\/66.147.244.181\/~fondatj6\/wp-content\/uploads\/2014\/07\/image_pourquoi-donner.jpg\"},{\"@type\":\"BreadcrumbList\",\"@id\":\"https:\/\/www.fondationneurotrauma.ca\/en\/donations\/#breadcrumb\",\"itemListElement\":[{\"@type\":\"ListItem\",\"position\":1,\"name\":\"Accueil\",\"item\":\"https:\/\/www.fondationneurotrauma.ca\/en\/home\/\"},{\"@type\":\"ListItem\",\"position\":2,\"name\":\"The value of giving\"}]},{\"@type\":\"WebSite\",\"@id\":\"https:\/\/www.fondationneurotrauma.ca\/en\/#website\",\"url\":\"https:\/\/www.fondationneurotrauma.ca\/en\/\",\"name\":\"Marie-Robert NeuroTrauma Foundation\",\"description\":\"\",\"potentialAction\":[{\"@type\":\"SearchAction\",\"target\":{\"@type\":\"EntryPoint\",\"urlTemplate\":\"https:\/\/www.fondationneurotrauma.ca\/en\/?s={search_term_string}\"},\"query-input\":{\"@type\":\"PropertyValueSpecification\",\"valueRequired\":true,\"valueName\":\"search_term_string\"}}],\"inLanguage\":\"en-US\"}]}<\/script>\n<!-- \/ Yoast SEO plugin. -->","yoast_head_json":{"title":"The value of giving - Marie-Robert NeuroTrauma Foundation","robots":{"index":"index","follow":"follow","max-snippet":"max-snippet:-1","max-image-preview":"max-image-preview:large","max-video-preview":"max-video-preview:-1"},"canonical":"https:\/\/www.fondationneurotrauma.ca\/en\/donations\/","og_locale":"en_US","og_type":"article","og_title":"The value of giving - Marie-Robert NeuroTrauma Foundation","og_description":"&nbsp;","og_url":"https:\/\/www.fondationneurotrauma.ca\/en\/donations\/","og_site_name":"Marie-Robert NeuroTrauma Foundation","article_publisher":"https:\/\/www.facebook.com\/TraumatismesCraniens\/","article_modified_time":"2015-09-30T15:39:36+00:00","og_image":[{"url":"http:\/\/66.147.244.181\/~fondatj6\/wp-content\/uploads\/2014\/07\/image_pourquoi-donner.jpg","type":"","width":"","height":""}],"twitter_misc":{"Est. reading time":"5 minutes"},"schema":{"@context":"https:\/\/schema.org","@graph":[{"@type":"WebPage","@id":"https:\/\/www.fondationneurotrauma.ca\/en\/donations\/","url":"https:\/\/www.fondationneurotrauma.ca\/en\/donations\/","name":"The value of giving - Marie-Robert NeuroTrauma Foundation","isPartOf":{"@id":"https:\/\/www.fondationneurotrauma.ca\/en\/#website"},"primaryImageOfPage":{"@id":"https:\/\/www.fondationneurotrauma.ca\/en\/donations\/#primaryimage"},"image":{"@id":"https:\/\/www.fondationneurotrauma.ca\/en\/donations\/#primaryimage"},"thumbnailUrl":"http:\/\/66.147.244.181\/~fondatj6\/wp-content\/uploads\/2014\/07\/image_pourquoi-donner.jpg","datePublished":"2014-10-17T18:51:12+00:00","dateModified":"2015-09-30T15:39:36+00:00","breadcrumb":{"@id":"https:\/\/www.fondationneurotrauma.ca\/en\/donations\/#breadcrumb"},"inLanguage":"en-US","potentialAction":[{"@type":"ReadAction","target":["https:\/\/www.fondationneurotrauma.ca\/en\/donations\/"]}]},{"@type":"ImageObject","inLanguage":"en-US","@id":"https:\/\/www.fondationneurotrauma.ca\/en\/donations\/#primaryimage","url":"http:\/\/66.147.244.181\/~fondatj6\/wp-content\/uploads\/2014\/07\/image_pourquoi-donner.jpg","contentUrl":"http:\/\/66.147.244.181\/~fondatj6\/wp-content\/uploads\/2014\/07\/image_pourquoi-donner.jpg"},{"@type":"BreadcrumbList","@id":"https:\/\/www.fondationneurotrauma.ca\/en\/donations\/#breadcrumb","itemListElement":[{"@type":"ListItem","position":1,"name":"Accueil","item":"https:\/\/www.fondationneurotrauma.ca\/en\/home\/"},{"@type":"ListItem","position":2,"name":"The value of giving"}]},{"@type":"WebSite","@id":"https:\/\/www.fondationneurotrauma.ca\/en\/#website","url":"https:\/\/www.fondationneurotrauma.ca\/en\/","name":"Marie-Robert NeuroTrauma Foundation","description":"","potentialAction":[{"@type":"SearchAction","target":{"@type":"EntryPoint","urlTemplate":"https:\/\/www.fondationneurotrauma.ca\/en\/?s={search_term_string}"},"query-input":{"@type":"PropertyValueSpecification","valueRequired":true,"valueName":"search_term_string"}}],"inLanguage":"en-US"}]}},"_links":{"self":[{"href":"https:\/\/www.fondationneurotrauma.ca\/en\/wp-json\/wp\/v2\/pages\/631","targetHints":{"allow":["GET"]}}],"collection":[{"href":"https:\/\/www.fondationneurotrauma.ca\/en\/wp-json\/wp\/v2\/pages"}],"about":[{"href":"https:\/\/www.fondationneurotrauma.ca\/en\/wp-json\/wp\/v2\/types\/page"}],"author":[{"embeddable":true,"href":"https:\/\/www.fondationneurotrauma.ca\/en\/wp-json\/wp\/v2\/users\/1"}],"replies":[{"embeddable":true,"href":"https:\/\/www.fondationneurotrauma.ca\/en\/wp-json\/wp\/v2\/comments?post=631"}],"version-history":[{"count":5,"href":"https:\/\/www.fondationneurotrauma.ca\/en\/wp-json\/wp\/v2\/pages\/631\/revisions"}],"predecessor-version":[{"id":1120,"href":"https:\/\/www.fondationneurotrauma.ca\/en\/wp-json\/wp\/v2\/pages\/631\/revisions\/1120"}],"wp:attachment":[{"href":"https:\/\/www.fondationneurotrauma.ca\/en\/wp-json\/wp\/v2\/media?parent=631"}],"curies":[{"name":"wp","href":"https:\/\/api.w.org\/{rel}","templated":true}]}}